{"id":1351,"date":"2023-09-04T16:40:06","date_gmt":"2023-09-04T16:40:06","guid":{"rendered":"https:\/\/palacio.zinkmarketing.es\/?page_id=1351"},"modified":"2023-10-04T11:05:07","modified_gmt":"2023-10-04T11:05:07","slug":"kontakt","status":"publish","type":"page","link":"https:\/\/palaciocasagalesa.com\/de\/home\/kontakt\/","title":{"rendered":"Kontakt"},"content":{"rendered":"<p>[vc_row full_height=&#8220;yes&#8220; content_placement=&#8220;middle&#8220; css=&#8220;.vc_custom_1693993540638{padding-top: 70px !important;padding-right: 10px !important;padding-bottom: 70px !important;padding-left: 10px !important;background-position: center !important;background-repeat: no-repeat !important;background-size: cover !important;}&#8220; responsive_css=&#8220;margin_top_medium:-350px|padding_top_medium:450px&#8220;][vc_column offset=&#8220;vc_col-md-6&#8243; css=&#8220;.vc_custom_1573716825914{margin-bottom: 30px !important;}&#8220;]<style>.ld_fancy_heading_69ff7a7f542f6 h1{color:#141414;}.ld_fancy_heading_69ff7a7f542f6 h1 {font-size:33px; } @media (min-width: 992px) { .ld_fancy_heading_69ff7a7f542f6 h1 {font-size:67px; }  } .ld_fancy_heading_69ff7a7f542f6 h1 {line-height:28px; } @media (min-width: 992px) { .ld_fancy_heading_69ff7a7f542f6 h1 {line-height:60px; }  } .ld_fancy_heading_69ff7a7f542f6 h1 {--element-line-height:28px; } @media (min-width: 992px) { .ld_fancy_heading_69ff7a7f542f6 h1 {--element-line-height:60px; }  } .ld_fancy_heading_69ff7a7f542f6 h1 {margin-bottom:0px !important;  } .ld_fancy_heading_69ff7a7f542f6 .lqd-highlight-inner{height:0.275em!important;bottom:0px!important;}.ld_fancy_heading_69ff7a7f542f6 h1 {font-size:33px; } @media (min-width: 992px) { .ld_fancy_heading_69ff7a7f542f6 h1 {font-size:67px; }  } .ld_fancy_heading_69ff7a7f542f6 h1 {line-height:28px; } @media (min-width: 992px) { .ld_fancy_heading_69ff7a7f542f6 h1 {line-height:60px; }  } .ld_fancy_heading_69ff7a7f542f6 h1 {--element-line-height:28px; } @media (min-width: 992px) { .ld_fancy_heading_69ff7a7f542f6 h1 {--element-line-height:60px; }  } .ld_fancy_heading_69ff7a7f542f6 h1 {margin-bottom:0px !important;  } <\/style><div class=\"ld-fancy-heading ld_fancy_heading_69ff7a7f542f6\">\n\t<h1 class=\"ld-fh-element lqd-highlight-underline lqd-highlight-grow-left text-decoration-default\"   >  Wir sind f\u00fcr Sie da<\/h1><\/div><style>.ld_spacer_69ff7a7f547c7{height:32px;}<\/style>\n<div class=\"ld-empty-space ld_spacer_69ff7a7f547c7\"><\/div><style>.ld_fancy_heading_69ff7a7f54b38 p{color:#141414;}.ld_fancy_heading_69ff7a7f54b38 p {margin-bottom:0em !important;  } .ld_fancy_heading_69ff7a7f54b38 .lqd-highlight-inner{height:0.275em!important;bottom:0px!important;}.ld_fancy_heading_69ff7a7f54b38 p {margin-bottom:0em !important;  } <\/style><div class=\"ld-fancy-heading ld_fancy_heading_69ff7a7f54b38\">\n\t<p class=\"ld-fh-element lqd-highlight-underline lqd-highlight-grow-left text-decoration-default\"   >  Im Palacio Ca Sa Galesa sind wir bestrebt, jedem unserer G\u00e4ste ein auf seine Bed\u00fcrfnisse zugeschnittenes Erlebnis zu bieten. Wenn Sie eine Frage oder einen besonderen Wunsch haben oder uns einfach Ihre Meinung mitteilen m\u00f6chten, k\u00f6nnen Sie uns \u00fcber unsere Kontaktinformationen kontaktieren oder dieses Formular ausf\u00fcllen. Beide Kan\u00e4le stehen Ihnen jederzeit zur Verf\u00fcgung, um sicherzustellen, dass Ihre Stimme geh\u00f6rt wird.<\/p><\/div><style>.ld_spacer_69ff7a7f54e2c{height:42px;}<\/style>\n<div class=\"ld-empty-space ld_spacer_69ff7a7f54e2c\"><\/div><style>.ld_fancy_heading_69ff7a7f550c3 h6{color:#141414;}.ld_fancy_heading_69ff7a7f550c3 h6 {font-size:16px; } .ld_fancy_heading_69ff7a7f550c3 h6 {font-weight:700; } .ld_fancy_heading_69ff7a7f550c3 h6 {letter-spacing:1px; } .ld_fancy_heading_69ff7a7f550c3 .lqd-highlight-inner{height:0.275em!important;bottom:0px!important;}.ld_fancy_heading_69ff7a7f550c3 h6 {font-size:16px; } .ld_fancy_heading_69ff7a7f550c3 h6 {font-weight:700; } .ld_fancy_heading_69ff7a7f550c3 h6 {letter-spacing:1px; } <\/style><div class=\"ld-fancy-heading ld_fancy_heading_69ff7a7f550c3\">\n\t<h6 class=\"ld-fh-element lqd-highlight-underline lqd-highlight-grow-left text-decoration-default\"   >  <span data-sheets-value=\"{&quot;1&quot;:2,&quot;2&quot;:&quot;So kommen Sie zu uns&quot;}\" data-sheets-userformat=\"{&quot;2&quot;:14909,&quot;3&quot;:{&quot;1&quot;:0},&quot;5&quot;:{&quot;1&quot;:&#091;{&quot;1&quot;:2,&quot;2&quot;:0,&quot;5&quot;:{&quot;1&quot;:2,&quot;2&quot;:0}},{&quot;1&quot;:0,&quot;2&quot;:0,&quot;3&quot;:3},{&quot;1&quot;:1,&quot;2&quot;:0,&quot;4&quot;:1}&#093;},&quot;6&quot;:{&quot;1&quot;:&#091;{&quot;1&quot;:2,&quot;2&quot;:0,&quot;5&quot;:{&quot;1&quot;:2,&quot;2&quot;:0}},{&quot;1&quot;:0,&quot;2&quot;:0,&quot;3&quot;:3},{&quot;1&quot;:1,&quot;2&quot;:0,&quot;4&quot;:1}&#093;},&quot;7&quot;:{&quot;1&quot;:&#091;{&quot;1&quot;:2,&quot;2&quot;:0,&quot;5&quot;:{&quot;1&quot;:2,&quot;2&quot;:0}},{&quot;1&quot;:0,&quot;2&quot;:0,&quot;3&quot;:3},{&quot;1&quot;:1,&quot;2&quot;:0,&quot;4&quot;:1}&#093;},&quot;8&quot;:{&quot;1&quot;:&#091;{&quot;1&quot;:2,&quot;2&quot;:0,&quot;5&quot;:{&quot;1&quot;:2,&quot;2&quot;:0}},{&quot;1&quot;:0,&quot;2&quot;:0,&quot;3&quot;:3},{&quot;1&quot;:1,&quot;2&quot;:0,&quot;4&quot;:1}&#093;},&quot;12&quot;:0,&quot;14&quot;:{&quot;1&quot;:3,&quot;3&quot;:1},&quot;15&quot;:&quot;Calibri&quot;,&quot;16&quot;:11}\">So kommen Sie zu uns<\/span><\/h6><\/div><style>.ld_fancy_heading_69ff7a7f55489 p{color:#141414;}.ld_fancy_heading_69ff7a7f55489 .lqd-highlight-inner{height:0.275em!important;bottom:0px!important;}<\/style><div class=\"ld-fancy-heading ld_fancy_heading_69ff7a7f55489\">\n\t<p class=\"ld-fh-element lqd-highlight-underline lqd-highlight-grow-left text-decoration-default\"   >  <a style=\"text-decoration.none;color: #141414\" href=\"https:\/\/goo.gl\/maps\/ZLvSgqtuS1Q3H6oN7\">C\/ Miramar, 8, 07001, Palma De Mallorca (Balearen)<\/a><\/p><\/div>[\/vc_column][vc_column align=&#8220;text-center&#8220; css=&#8220;.vc_custom_1614942993185{margin-bottom: 30px !important;padding-top: 45px !important;padding-right: 20px !important;padding-bottom: 15px !important;padding-left: 20px !important;border-radius: 2px !important;}&#8220; offset=&#8220;vc_col-md-offset-1 vc_col-md-5&#8243; responsive_align=&#8220;text-left&#8220;]<style>.ld_fancy_heading_69ff7a7f5580b h3{color:#141414;}.ld_fancy_heading_69ff7a7f5580b h3 {font-size:23px; } .ld_fancy_heading_69ff7a7f5580b h3 {letter-spacing:1px; } @media (min-width: 992px) { .ld_fancy_heading_69ff7a7f5580b h3 {margin-bottom:20px !important;  }  } .ld_fancy_heading_69ff7a7f5580b .lqd-highlight-inner{height:0.275em!important;bottom:0px!important;}.ld_fancy_heading_69ff7a7f5580b h3 {font-size:23px; } .ld_fancy_heading_69ff7a7f5580b h3 {letter-spacing:1px; } @media (min-width: 992px) { .ld_fancy_heading_69ff7a7f5580b h3 {margin-bottom:20px !important;  }  } <\/style><div class=\"ld-fancy-heading ld_fancy_heading_69ff7a7f5580b\">\n\t<h3 class=\"ld-fh-element lqd-highlight-underline lqd-highlight-grow-left text-decoration-default\"   >  Bitte kontaktieren Sie uns<\/h3><\/div><style>.ld_cf7_69ff7a7f55a3c input,.ld_cf7_69ff7a7f55a3c textarea,.ld_cf7_69ff7a7f55a3c .ui-button.ui-selectmenu-button{font-size:16px;}.ld_cf7_69ff7a7f55a3c input[type=\"submit\"]{background:rgb(29, 29, 29);border-color:rgb(29, 29, 29);}.ld_cf7_69ff7a7f55a3c input, .ld_cf7_69ff7a7f55a3c select, .ld_cf7_69ff7a7f55a3c textarea, .ld_cf7_69ff7a7f55a3c .ui-button.ui-selectmenu-button{background:rgba(255, 255, 255, 0);}.ld_cf7_69ff7a7f55a3c input, .ld_cf7_69ff7a7f55a3c select, .ld_cf7_69ff7a7f55a3c textarea, .ld_cf7_69ff7a7f55a3c .ui-button.ui-selectmenu-button, .ld_cf7_69ff7a7f55a3c .wpcf7-form-control-wrap > i, .ld_cf7_69ff7a7f55a3c .wpcf7-radio{color:rgba(20, 20, 20, 0.7);}.ld_cf7_69ff7a7f55a3c input:focus, .ld_cf7_69ff7a7f55a3c select:focus, .ld_cf7_69ff7a7f55a3c textarea:focus, .ld_cf7_69ff7a7f55a3c .ui-button.ui-selectmenu-button:hover, .wpcf7-acceptance .wpcf7-list-item-label:after{color:#141414;}.ld_cf7_69ff7a7f55a3c input, .ld_cf7_69ff7a7f55a3c select, .ld_cf7_69ff7a7f55a3c textarea, .ld_cf7_69ff7a7f55a3c .ui-button.ui-selectmenu-button, .ld_cf7_69ff7a7f55a3c .wpcf7-acceptance .wpcf7-list-item-label:before{border-color:rgba(20, 20, 20, 0.7);}.ld_cf7_69ff7a7f55a3c input:focus, .ld_cf7_69ff7a7f55a3c select:focus, .ld_cf7_69ff7a7f55a3c textarea:focus, .ld_cf7_69ff7a7f55a3c .ui-button.ui-selectmenu-button:hover{border-color:rgb(20, 20, 20);}.ld_cf7_69ff7a7f55a3c input[type=\"submit\"]:focus,.ld_cf7_69ff7a7f55a3c input[type=\"submit\"]:hover{background:rgb(46, 46, 46);}.ld_cf7_69ff7a7f55a3c input[type=\"submit\"]:hover{border-color:rgb(46, 46, 46);}.ld_cf7_69ff7a7f55a3c .wpcf7-form-control-wrap{margin-bottom:-15px;}<\/style><div id=\"ld_cf7_69ff7a7f55a3c\" class=\"lqd-contact-form lqd-contact-form-inputs-md lqd-contact-form-inputs-round lqd-contact-form-inputs-border-thick lqd-contact-form-button-block lqd-contact-form-button-round ld_cf7_69ff7a7f55a3c vc_custom_1693993301998\">\n\t\n<div class=\"wpcf7 no-js\" id=\"wpcf7-f405-o1\" lang=\"es-ES\" dir=\"ltr\" data-wpcf7-id=\"405\">\n<div class=\"screen-reader-response\"><p role=\"status\" aria-live=\"polite\" aria-atomic=\"true\"><\/p> <ul><\/ul><\/div>\n<form action=\"\/de\/wp-json\/wp\/v2\/pages\/1351#wpcf7-f405-o1\" method=\"post\" class=\"wpcf7-form init\" aria-label=\"Formulario de contacto\" novalidate=\"novalidate\" data-status=\"init\">\n<fieldset class=\"hidden-fields-container\"><input type=\"hidden\" name=\"_wpcf7\" value=\"405\" \/><input type=\"hidden\" name=\"_wpcf7_version\" value=\"6.1.5\" \/><input type=\"hidden\" name=\"_wpcf7_locale\" value=\"es_ES\" \/><input type=\"hidden\" name=\"_wpcf7_unit_tag\" value=\"wpcf7-f405-o1\" \/><input type=\"hidden\" name=\"_wpcf7_container_post\" value=\"0\" \/><input type=\"hidden\" name=\"_wpcf7_posted_data_hash\" value=\"\" \/>\n<\/fieldset>\n<p><span class=\"wpcf7-form-control-wrap\" data-name=\"name-tx\"><input size=\"40\" maxlength=\"400\" class=\"wpcf7-form-control wpcf7-text\" aria-invalid=\"false\" placeholder=\"Nombre\" value=\"\" type=\"text\" name=\"name-tx\" \/><\/span><br \/>\n<span class=\"wpcf7-form-control-wrap\" data-name=\"email-634\"><input size=\"40\" maxlength=\"400\" class=\"wpcf7-form-control wpcf7-email wpcf7-text wpcf7-validates-as-email\" aria-invalid=\"false\" value=\"Email\" type=\"email\" name=\"email-634\" \/><\/span><br \/>\n<span class=\"wpcf7-form-control-wrap\" data-name=\"text-49\"><input size=\"40\" maxlength=\"400\" class=\"wpcf7-form-control wpcf7-text\" aria-invalid=\"false\" placeholder=\"Consulta\" value=\"\" type=\"text\" name=\"text-49\" \/><\/span><br \/>\n<span class=\"wpcf7-form-control-wrap\" data-name=\"textarea-120\"><textarea cols=\"40\" rows=\"3\" maxlength=\"2000\" class=\"wpcf7-form-control wpcf7-textarea\" aria-invalid=\"false\" placeholder=\"Mensaje\" name=\"textarea-120\"><\/textarea><\/span><br \/>\n<input class=\"wpcf7-form-control wpcf7-submit has-spinner\" type=\"submit\" value=\"ENVIAR\" \/>\n<\/p><div class=\"wpcf7-response-output\" aria-hidden=\"true\"><\/div>\n<\/form>\n<\/div>\n<\/div>[\/vc_column][\/vc_row][vc_row full_width=&#8220;stretch_row&#8220;][vc_column][vc_raw_html el_id=&#8220;greyscale&#8220;]JTNDaWZyYW1lJTIwc3JjJTNEaHR0cHMlM0ElMkYlMkZ3d3cuZ29vZ2xlLmNvbSUyRm1hcHMlMkZlbWJlZCUzRnBiJTNEJTIxMW0xNCUyMTFtOCUyMTFtMyUyMTFkNDkyMDguNDcyODQ0Nzg1ODYlMjEyZDIuNjY0OTAxMyUyMTNkMzkuNTcwMjE0MSUyMTNtMiUyMTFpMTAyNCUyMTJpNzY4JTIxNGYxMy4xJTIxM20zJTIxMW0yJTIxMXMweDEyOTc5MjRmMGNjMjMwNDElMjUzQTB4MTQ1Zjk4ZDNkYzI1OTJmJTIxMnNQYWxhY2lvJTI1MjBDYSUyNTIwU2ElMjUyMEdhbGVzYSUyMTVlMCUyMTNtMiUyMTFzZXMtNDE5JTIxMnNlcyUyMTR2MTY5Mzk5NTM0MzE0NiUyMTVtMiUyMTFzZXMtNDE5JTIxMnNlcyUyMiUyMHdpZHRoJTNEJTIyMTAwJTI1JTIyJTIwaGVpZ2h0JTNEJTIyNDAwJTIyJTIwc3R5bGUlM0QlMjJib3JkZXIlM0EwJTNCJTIyJTIwYWxsb3dmdWxsc2NyZWVuJTNEJTIyeWVzJTIyJTIwbG9hZGluZyUzRCUyMmxhenklMjIlMjByZWZlcnJlcnBvbGljeSUzRCUyMm5vLXJlZmVycmVyLXdoZW4tZG93bmdyYWRlJTIyJTNFJTNDJTJGaWZyYW1lJTNFJTBB[\/vc_raw_html][\/vc_column][\/vc_row]<\/p>\n","protected":false},"excerpt":{"rendered":"<p>[vc_row full_height=&#8220;yes&#8220; content_placement=&#8220;middle&#8220; css=&#8220;.vc_custom_1693993540638{padding-top: 70px !important;padding-right: 10px !important;padding-bottom: 70px !important;padding-left: 10px !important;background-position: center !important;background-repeat: no-repeat !important;background-size: cover !important;}&#8220; responsive_css=&#8220;margin_top_medium:-350px|padding_top_medium:450px&#8220;][vc_column offset=&#8220;vc_col-md-6&#8243; css=&#8220;.vc_custom_1573716825914{margin-bottom: 30px !important;}&#8220;][\/vc_column][vc_column align=&#8220;text-center&#8220; css=&#8220;.vc_custom_1614942993185{margin-bottom: 30px !important;padding-top: 45px !important;padding-right: 20px !important;padding-bottom: 15px !important;padding-left: 20px !important;border-radius: 2px !important;}&#8220; offset=&#8220;vc_col-md-offset-1 vc_col-md-5&#8243; responsive_align=&#8220;text-left&#8220;][\/vc_column][\/vc_row][vc_row full_width=&#8220;stretch_row&#8220;][vc_column][vc_raw_html el_id=&#8220;greyscale&#8220;]JTNDaWZyYW1lJTIwc3JjJTNEaHR0cHMlM0ElMkYlMkZ3d3cuZ29vZ2xlLmNvbSUyRm1hcHMlMkZlbWJlZCUzRnBiJTNEJTIxMW0xNCUyMTFtOCUyMTFtMyUyMTFkNDkyMDguNDcyODQ0Nzg1ODYlMjEyZDIuNjY0OTAxMyUyMTNkMzkuNTcwMjE0MSUyMTNtMiUyMTFpMTAyNCUyMTJpNzY4JTIxNGYxMy4xJTIxM20zJTIxMW0yJTIxMXMweDEyOTc5MjRmMGNjMjMwNDElMjUzQTB4MTQ1Zjk4ZDNkYzI1OTJmJTIxMnNQYWxhY2lvJTI1MjBDYSUyNTIwU2ElMjUyMEdhbGVzYSUyMTVlMCUyMTNtMiUyMTFzZXMtNDE5JTIxMnNlcyUyMTR2MTY5Mzk5NTM0MzE0NiUyMTVtMiUyMTFzZXMtNDE5JTIxMnNlcyUyMiUyMHdpZHRoJTNEJTIyMTAwJTI1JTIyJTIwaGVpZ2h0JTNEJTIyNDAwJTIyJTIwc3R5bGUlM0QlMjJib3JkZXIlM0EwJTNCJTIyJTIwYWxsb3dmdWxsc2NyZWVuJTNEJTIyeWVzJTIyJTIwbG9hZGluZyUzRCUyMmxhenklMjIlMjByZWZlcnJlcnBvbGljeSUzRCUyMm5vLXJlZmVycmVyLXdoZW4tZG93bmdyYWRlJTIyJTNFJTNDJTJGaWZyYW1lJTNFJTBB[\/vc_raw_html][\/vc_column][\/vc_row]<\/p>\n","protected":false},"author":3,"featured_media":0,"parent":1324,"menu_order":0,"comment_status":"closed","ping_status":"closed","template":"","meta":{"footnotes":""},"class_list":["post-1351","page","type-page","status-publish","hentry"],"_links":{"self":[{"href":"https:\/\/palaciocasagalesa.com\/de\/wp-json\/wp\/v2\/pages\/1351","targetHints":{"allow":["GET"]}}],"collection":[{"href":"https:\/\/palaciocasagalesa.com\/de\/wp-json\/wp\/v2\/pages"}],"about":[{"href":"https:\/\/palaciocasagalesa.com\/de\/wp-json\/wp\/v2\/types\/page"}],"author":[{"embeddable":true,"href":"https:\/\/palaciocasagalesa.com\/de\/wp-json\/wp\/v2\/users\/3"}],"replies":[{"embeddable":true,"href":"https:\/\/palaciocasagalesa.com\/de\/wp-json\/wp\/v2\/comments?post=1351"}],"version-history":[{"count":5,"href":"https:\/\/palaciocasagalesa.com\/de\/wp-json\/wp\/v2\/pages\/1351\/revisions"}],"predecessor-version":[{"id":1716,"href":"https:\/\/palaciocasagalesa.com\/de\/wp-json\/wp\/v2\/pages\/1351\/revisions\/1716"}],"up":[{"embeddable":true,"href":"https:\/\/palaciocasagalesa.com\/de\/wp-json\/wp\/v2\/pages\/1324"}],"wp:attachment":[{"href":"https:\/\/palaciocasagalesa.com\/de\/wp-json\/wp\/v2\/media?parent=1351"}],"curies":[{"name":"wp","href":"https:\/\/api.w.org\/{rel}","templated":true}]}}