{"id":1353,"date":"2023-09-20T11:06:16","date_gmt":"2023-09-20T11:06:16","guid":{"rendered":"https:\/\/palacio.zinkmarketing.es\/?page_id=1353"},"modified":"2024-03-05T11:32:40","modified_gmt":"2024-03-05T11:32:40","slug":"rooftop","status":"publish","type":"page","link":"https:\/\/palaciocasagalesa.com\/de\/home\/rooftop\/","title":{"rendered":"Rooftop"},"content":{"rendered":"<p>[vc_row full_width=&#8220;stretch_row&#8220; content_placement=&#8220;bottom&#8220; enable_slideshow_bg=&#8220;yes&#8220; slideshow_images=&#8220;359,1953,1956&#8243; enable_overlay=&#8220;yes&#8220; css=&#8220;.vc_custom_1706540237460{padding-top: 80vh !important;background-position: center !important;background-repeat: no-repeat !important;background-size: cover !important;}&#8220; responsive_css=&#8220;margin_top_medium:-340px|padding_top_medium:90vh&#8220; slideshow_delay=&#8220;3600&#8243; overlay_bg=&#8220;linear-gradient(0deg, rgba(0, 0, 0, 0.43) 0%, rgba(0, 0, 0, 0) 96.81528662420382%)&#8220;][vc_column][vc_row_inner][vc_column_inner responsive_align=&#8220;text-center&#8220;]<style>.ld_button_69ff7a22c1d9f.btn-icon-solid .btn-icon{background:rgb(255, 255, 255);}.ld_button_69ff7a22c1d9f.btn-icon-circle.btn-icon-ripple .btn-icon:before{border-color:rgb(255, 255, 255);}.ld_button_69ff7a22c1d9f.btn-icon-solid:hover .btn-icon{background:rgba(255, 255, 255, 0.75);}.ld_button_69ff7a22c1d9f{color:rgb(255, 255, 255);}.ld_button_69ff7a22c1d9f:hover{color:rgba(255, 255, 255, 0.75);}.ld_button_69ff7a22c1d9f:before{background:rgb(255, 255, 255);}.ld_button_69ff7a22c1d9f:after{background:rgba(255, 255, 255, 0.75);}.ld_button_69ff7a22c1d9f {font-size:14px; } @media (min-width: 992px) { .ld_button_69ff7a22c1d9f {font-size:16px; }  } .ld_button_69ff7a22c1d9f {font-size:14px; } @media (min-width: 992px) { .ld_button_69ff7a22c1d9f {font-size:16px; }  } .ld_button_69ff7a22c1d9f {font-size:14px; } @media (min-width: 992px) { .ld_button_69ff7a22c1d9f {font-size:16px; }  } <\/style><a href=\"#habitaciones\" class=\"btn btn-underlined text-uppercase border-thin btn-hover-swp btn-has-label ld_button_69ff7a22c1d9f vc_custom_1696323657690\" data-localscroll=\"true\" data-localscroll-options=\"{&quot;scrollSpeed&quot;:&quot;3000&quot;}\" >\n\t<span>\n\t\t\n\t\t\t\t\t<span class=\"btn-txt\" data-text=\"ENTDECKEN SIE UNSERE EINRICHTUNGEN\" >ENTDECKEN SIE UNSERE EINRICHTUNGEN<\/span>\n\t\t\t\n\t<span class=\"btn-icon\"><i class=\"lqd-icn-ess icon-ion-ios-arrow-down\"><\/i><\/span>\t<span class=\"btn-icon\"><i class=\"lqd-icn-ess icon-ion-ios-arrow-down\"><\/i><\/span>\t\t\t<\/span>\n<\/a>\n[\/vc_column_inner][\/vc_row_inner][\/vc_column][\/vc_row][vc_row responsive_css=&#8220;padding_top_medium:10vh|padding_bottom_medium:10vh&#8220; css=&#8220;.vc_custom_1692874404572{background-position: center !important;background-repeat: no-repeat !important;background-size: cover !important;}&#8220; row_hide=&#8220;hidden-xs hidden-sm&#8220; el_id=&#8220;Consulta&#8220;][vc_column width=&#8220;1\/2&#8243;]<style>@media (min-width: 992px) { .ld_fancy_heading_69ff7a22c2e94 h1 {font-size:100px; }  } .ld_fancy_heading_69ff7a22c2e94 h1 {line-height:90px; } .ld_fancy_heading_69ff7a22c2e94 h1 {--element-line-height:90px; } .ld_fancy_heading_69ff7a22c2e94 .lqd-highlight-inner{height:0.275em!important;bottom:0px!important;}@media (min-width: 992px) { .ld_fancy_heading_69ff7a22c2e94 h1 {font-size:100px; }  } .ld_fancy_heading_69ff7a22c2e94 h1 {line-height:90px; } .ld_fancy_heading_69ff7a22c2e94 h1 {--element-line-height:90px; } <\/style><div class=\"ld-fancy-heading text-uppercase ld_fancy_heading_69ff7a22c2e94\">\n\t<h1 class=\"ld-fh-element lqd-highlight-underline lqd-highlight-grow-left text-decoration-default\"   >  Palacio<br \/>\nCa Sa<br \/>\nGalesa<\/h1><\/div>[\/vc_column][vc_column width=&#8220;1\/2&#8243; responsive_css=&#8220;padding_right_medium:20%25&#8243;]<style>@media (min-width: 992px) { .ld_fancy_heading_69ff7a22c363f h2 {font-size:35px; }  } .ld_fancy_heading_69ff7a22c363f h2 {line-height:35px; } .ld_fancy_heading_69ff7a22c363f h2 {--element-line-height:35px; } .ld_fancy_heading_69ff7a22c363f h2 {letter-spacing:1px; } .ld_fancy_heading_69ff7a22c363f .lqd-highlight-inner{height:0.275em!important;bottom:0px!important;}@media (min-width: 992px) { .ld_fancy_heading_69ff7a22c363f h2 {font-size:35px; }  } .ld_fancy_heading_69ff7a22c363f h2 {line-height:35px; } .ld_fancy_heading_69ff7a22c363f h2 {--element-line-height:35px; } .ld_fancy_heading_69ff7a22c363f h2 {letter-spacing:1px; } <\/style><div class=\"ld-fancy-heading ld_fancy_heading_69ff7a22c363f\">\n\t<h2 class=\"ld-fh-element lqd-highlight-underline lqd-highlight-grow-left text-decoration-default\"   >  Dachterrasse in Palma<\/h2><\/div><style>.ld_fancy_heading_69ff7a22c3c87 .lqd-highlight-inner{height:0.275em!important;bottom:0px!important;}<\/style><div class=\"ld-fancy-heading ld_fancy_heading_69ff7a22c3c87\">\n\t<p class=\"ld-fh-element lqd-highlight-underline lqd-highlight-grow-left text-decoration-default\"   >  Der Palacio Ca Sa Galesa ist eine Oase, in der Sie dem Trubel der Stadt entfliehen k\u00f6nnen, obwohl er sich im Herzen Palmas befindet. Der Palacio Ca Sa Galesa ist eine Oase, in der man dem Trubel der Stadt entfliehen kann, obwohl er sich im Herzen Palmas befindet. Genie\u00dfen Sie die Ruhe und den Blick auf die Bucht und die Altstadt von Palma von unserer Dachterrasse aus.<\/p><\/div>[\/vc_column][\/vc_row][vc_row responsive_css=&#8220;padding_top_medium:10vh|padding_bottom_medium:10vh&#8220; css=&#8220;.vc_custom_1692874441300{padding-top: 50px !important;padding-bottom: 50px !important;background-position: center !important;background-repeat: no-repeat !important;background-size: cover !important;}&#8220; row_hide=&#8220;hidden-md hidden-lg&#8220;][vc_column]<style>@media (min-width: 992px) { .ld_fancy_heading_69ff7a22c400c h2 {font-size:35px; }  } .ld_fancy_heading_69ff7a22c400c h2 {line-height:35px; } .ld_fancy_heading_69ff7a22c400c h2 {--element-line-height:35px; } .ld_fancy_heading_69ff7a22c400c h2 {letter-spacing:1px; } .ld_fancy_heading_69ff7a22c400c .lqd-highlight-inner{height:0.275em!important;bottom:0px!important;}@media (min-width: 992px) { .ld_fancy_heading_69ff7a22c400c h2 {font-size:35px; }  } .ld_fancy_heading_69ff7a22c400c h2 {line-height:35px; } .ld_fancy_heading_69ff7a22c400c h2 {--element-line-height:35px; } .ld_fancy_heading_69ff7a22c400c h2 {letter-spacing:1px; } <\/style><div class=\"ld-fancy-heading ld_fancy_heading_69ff7a22c400c\">\n\t<h2 class=\"ld-fh-element lqd-highlight-underline lqd-highlight-grow-left text-decoration-default\"   >  Dachterrasse in Palma<\/h2><\/div><style>.ld_fancy_heading_69ff7a22c42a9 .lqd-highlight-inner{height:0.275em!important;bottom:0px!important;}<\/style><div class=\"ld-fancy-heading ld_fancy_heading_69ff7a22c42a9\">\n\t<p class=\"ld-fh-element lqd-highlight-underline lqd-highlight-grow-left text-decoration-default\"   >  Der Palacio Ca Sa Galesa ist eine Oase, in der Sie dem Trubel der Stadt entfliehen k\u00f6nnen, obwohl er sich im Herzen Palmas befindet. Der Palacio Ca Sa Galesa ist eine Oase, in der man dem Trubel der Stadt entfliehen kann, obwohl er sich im Herzen Palmas befindet. Genie\u00dfen Sie die Ruhe und den Blick auf die Bucht und die Altstadt von Palma von unserer Dachterrasse aus.<\/p><\/div>[\/vc_column][\/vc_row][vc_row gap=&#8220;30&#8243; equal_height=&#8220;yes&#8220; content_placement=&#8220;middle&#8220; responsive_css=&#8220;margin_top_medium:80px|margin_bottom_medium:80px|padding_top_medium:15px|padding_bottom_medium:20px&#8220;][vc_column offset=&#8220;vc_col-md-7&#8243; css=&#8220;.vc_custom_1706531462010{margin-bottom: 40px !important;padding-bottom: 200px !important;background-image: url(https:\/\/palaciocasagalesa.com\/wp-content\/uploads\/2024\/01\/PCG_CAM2_046.jpg?id=1876) !important;background-position: center !important;background-repeat: no-repeat !important;background-size: cover !important;border-radius: 20px !important;}&#8220; custom_border_radius=&#8220;20px&#8220; responsive_css=&#8220;margin_bottom_medium:0px|padding_bottom_medium:400px&#8220;][\/vc_column][vc_column offset=&#8220;vc_col-md-5&#8243;]<style>@media (min-width: 992px) { .ld_fancy_heading_69ff7a22c4515 h2 {font-size:35px; }  } .ld_fancy_heading_69ff7a22c4515 h2 {line-height:35px; } .ld_fancy_heading_69ff7a22c4515 h2 {--element-line-height:35px; } .ld_fancy_heading_69ff7a22c4515 .lqd-highlight-inner{height:0.275em!important;bottom:0px!important;}@media (min-width: 992px) { .ld_fancy_heading_69ff7a22c4515 h2 {font-size:35px; }  } .ld_fancy_heading_69ff7a22c4515 h2 {line-height:35px; } .ld_fancy_heading_69ff7a22c4515 h2 {--element-line-height:35px; } <\/style><div class=\"ld-fancy-heading ld_fancy_heading_69ff7a22c4515\">\n\t<h2 class=\"ld-fh-element lqd-highlight-underline lqd-highlight-grow-left text-decoration-default\"   >  Terrasse auf den H\u00f6hen des Hotels<\/h2><\/div><style>.ld_fancy_heading_69ff7a22c47b1 p{color:#141414;}.ld_fancy_heading_69ff7a22c47b1 p {font-size:18px; } .ld_fancy_heading_69ff7a22c47b1 p {line-height:1.5em; } .ld_fancy_heading_69ff7a22c47b1 p {--element-line-height:1.5em; } .ld_fancy_heading_69ff7a22c47b1 p {margin-bottom:2em !important;  } .ld_fancy_heading_69ff7a22c47b1 .lqd-highlight-inner{height:0.275em!important;bottom:0px!important;}.ld_fancy_heading_69ff7a22c47b1 p {font-size:18px; } .ld_fancy_heading_69ff7a22c47b1 p {line-height:1.5em; } .ld_fancy_heading_69ff7a22c47b1 p {--element-line-height:1.5em; } .ld_fancy_heading_69ff7a22c47b1 p {margin-bottom:2em !important;  } <\/style><div class=\"ld-fancy-heading ld_fancy_heading_69ff7a22c47b1\">\n\t<p class=\"ld-fh-element lqd-highlight-underline lqd-highlight-grow-left text-decoration-default\"   >  Entspannen Sie sich auf unseren Liegest\u00fchlen, w\u00e4hrend Sie lesen, einen Cocktail, ein Erfrischungsgetr\u00e4nk oder einen Snack zu sich nehmen oder einfach den Himmel beobachten. Von unserer Dachterrasse aus k\u00f6nnen Sie das Mittelmeer sehen, einen Blick auf die beeindruckende Kathedrale werfen und die typisch mallorquinische Architektur in der Altstadt beobachten.<\/p><\/div>[\/vc_column][\/vc_row][vc_row full_width=&#8220;stretch_row&#8220; equal_height=&#8220;yes&#8220; content_placement=&#8220;middle&#8220; css=&#8220;.vc_custom_1693830949550{padding-bottom: 60px !important;}&#8220; responsive_css=&#8220;padding_right_large:5vw|padding_left_large:5vw|margin_left_medium:100px|padding_top_medium:70px|padding_bottom_medium:70px&#8220; el_id=&#8220;habitaciones&#8220;][vc_column responsive_align=&#8220;text-center text-md-left&#8220;]<style>#appender .lqd-highlight-inner{height:0.275em!important;bottom:0px!important;}<\/style><div id=\"appender\" class=\"ld-fancy-heading ld_fancy_heading_69ff7a22c4a75\">\n\t<h2 class=\"ld-fh-element lqd-highlight-underline lqd-highlight-grow-left text-decoration-default\"   >  <span data-sheets-value=\"{&quot;1&quot;:2,&quot;2&quot;:&quot;Zimmer und Suites&quot;}\" data-sheets-userformat=\"{&quot;2&quot;:14909,&quot;3&quot;:{&quot;1&quot;:0},&quot;5&quot;:{&quot;1&quot;:&#091;{&quot;1&quot;:2,&quot;2&quot;:0,&quot;5&quot;:{&quot;1&quot;:2,&quot;2&quot;:0}},{&quot;1&quot;:0,&quot;2&quot;:0,&quot;3&quot;:3},{&quot;1&quot;:1,&quot;2&quot;:0,&quot;4&quot;:1}&#093;},&quot;6&quot;:{&quot;1&quot;:&#091;{&quot;1&quot;:2,&quot;2&quot;:0,&quot;5&quot;:{&quot;1&quot;:2,&quot;2&quot;:0}},{&quot;1&quot;:0,&quot;2&quot;:0,&quot;3&quot;:3},{&quot;1&quot;:1,&quot;2&quot;:0,&quot;4&quot;:1}&#093;},&quot;7&quot;:{&quot;1&quot;:&#091;{&quot;1&quot;:2,&quot;2&quot;:0,&quot;5&quot;:{&quot;1&quot;:2,&quot;2&quot;:0}},{&quot;1&quot;:0,&quot;2&quot;:0,&quot;3&quot;:3},{&quot;1&quot;:1,&quot;2&quot;:0,&quot;4&quot;:1}&#093;},&quot;8&quot;:{&quot;1&quot;:&#091;{&quot;1&quot;:2,&quot;2&quot;:0,&quot;5&quot;:{&quot;1&quot;:2,&quot;2&quot;:0}},{&quot;1&quot;:0,&quot;2&quot;:0,&quot;3&quot;:3},{&quot;1&quot;:1,&quot;2&quot;:0,&quot;4&quot;:1}&#093;},&quot;12&quot;:0,&quot;14&quot;:{&quot;1&quot;:3,&quot;3&quot;:1},&quot;15&quot;:&quot;Calibri&quot;,&quot;16&quot;:11}\">Zimmer und Suites<\/span><\/h2><\/div>[\/vc_column][\/vc_row][vc_row full_width=&#8220;stretch_row&#8220; equal_height=&#8220;yes&#8220; content_placement=&#8220;middle&#8220; css=&#8220;.vc_custom_1696321111414{padding-bottom: 60px !important;}&#8220; responsive_css=&#8220;padding_right_large:5vw|padding_left_large:5vw|margin_left_medium:100px|padding_top_medium:70px|padding_bottom_medium:70px&#8220; el_id=&#8220;habitaciones&#8220;][vc_column css=&#8220;.vc_custom_1693487763722{padding-top: 15px !important;}&#8220; responsive_css=&#8220;padding_top_medium:40px&#8220;]<style>.carousel-container.carrussel_espec .carousel-item{width:83.333333333333%;flex-basis:83.333333333333%;padding-inline-start:10px;padding-inline-end:10px;}.carousel-container.carrussel_espec .carousel-items{margin-inline-start:-10px;margin-inline-end:-10px;}.carrussel_espec.carousel-nav .flickity-prev-next-button svg{fill:rgb(0, 0, 0);}.carrussel_espec.carousel-nav .flickity-prev-next-button{color:rgb(0, 0, 0);background:rgb(255, 255, 255);}.carrussel_espec.carousel-nav .flickity-prev-next-button.previous:after{background:rgb(0, 0, 0);}.carrussel_espec.carousel-dots{position:relative;top:auto;right:auto;bottom:-15px;left:auto;}.carrussel_espec.carousel-dots-mobile.carousel-dots-mobile-outside .flickity-page-dots{margin-top:0.5em;}@media (min-width: 768px) {.carousel-container.carrussel_espec .carousel-item { width:45.454545454545%; flex-basis: 45.454545454545%; }}@media (min-width: 992px) {.carousel-container.carrussel_espec .carousel-item { width:43.478260869565%; flex-basis: 43.478260869565%; }}@media (min-width: 1200px) {.carousel-container.carrussel_espec .carousel-item { width:40%; flex-basis: 40%; }}<\/style><div id=\"carrussel_espec\" class=\"carousel-container carousel-nav-floated carousel-nav-center carousel-nav-mobile-center carousel-nav-middle no carousel-nav-md carousel-nav-circle carousel-dots-left carousel-dots-mobile-center carousel-dots-style1 carousel-dots-mobile-outside carrussel_espec\">\n\n\t<div class=\"carousel-items\"  data-lqd-flickity='{\"cellSelector\":\".carousel-item\",\"cellAlign\":\"left\",\"prevNextButtons\":true,\"pageDots\":true,\"groupCells\":false,\"pauseAutoPlayOnHover\":false,\"navArrow\":\"2\",\"buttonsAppendTo\":\"self\",\"addSlideNumbersToArrows\":false,\"dotsIndicator\":\"numbers\",\"numbersStyle\":\"line\",\"dotsAppendTo\":\"#appender\"}' >\n\t<div class=\"carousel-item has-width\"><div class=\"carousel-item-inner\"><div class=\"carousel-item-content\"><style>.ld_content_box_69ff7a22c54e5 .lqd-fb-content-title{font-size:16px;font-weight:500 !important;}.ld_content_box_69ff7a22c54e5 h2{color:rgb(0, 0, 0);}.ld_content_box_69ff7a22c54e5 .lqd-fb-title i{color:rgb(0, 0, 0);}<\/style><div id=\"ld_content_box_69ff7a22c54e5\" class=\"lqd-fb lqd-fb-style-4 lqd-fb-zoom-img-onhover pos-rel rounder ld_content_box_69ff7a22c54e5\">\n\t<div class=\"lqd-fb-inner\">\n\n\t\t<div class=\"lqd-fb-img overflow-hidden\">\n\t\t\t<figure data-responsive-bg=\"true\"><img decoding=\"async\" width=\"1900\" height=\"1266\" src=\"data:image\/svg+xml;charset=utf-8,%3Csvg xmlns%3D&#039;http%3A%2F%2Fwww.w3.org%2F2000%2Fsvg&#039; viewBox%3D&#039;0 0  &#039;%2F%3E\" class=\"w-100 invisible ld-lazyload\" alt=\"\" itemprop=\"image\" data-src=\"https:\/\/palaciocasagalesa.com\/wp-content\/uploads\/2024\/01\/PALACIO_CASA_GALESA_044.jpg\" data-srcset=\"https:\/\/palaciocasagalesa.com\/wp-content\/uploads\/2024\/01\/PALACIO_CASA_GALESA_044.jpg 1900w, https:\/\/palaciocasagalesa.com\/wp-content\/uploads\/2024\/01\/PALACIO_CASA_GALESA_044-300x200.jpg 300w, https:\/\/palaciocasagalesa.com\/wp-content\/uploads\/2024\/01\/PALACIO_CASA_GALESA_044-1024x682.jpg 1024w\" data-sizes=\"(max-width: 1900px) 100vw, 1900px\" data-aspect=\"\" \/><\/figure>\t\t\t<a href=\"https:\/\/palaciocasagalesa.com\/de\/suiten\/doppelzimmer-superior\/\" title=\"Doble Superior\" class=\"liquid-overlay-link\"><\/a>\t\t<\/div>\n\n\t\t<div class=\"lqd-fb-content pos-rel\">\n\t\t\t<div class=\"lqd-fb-bg lqd-overlay\"><\/div>\n\t\t\t<div class=\"lqd-fb-hover-overlay lqd-overlay\"><\/div>\n\t\t\t<div class=\"lqd-fb-content-inner pos-rel text-center p-5\">\n\n\t\t\t\t\t\t\t\t<p class=\"lqd-fb-content-title my-0 mb-3 font-weight-normal\"><a href=\"https:\/\/palaciocasagalesa.com\/de\/suiten\/doppelzimmer-superior\/\" title=\"Doble Superior\">Doppelzimmer Superior<\/a><\/p>\n\t\t\t\t\t\t\t\t\n\t\t\t\t\n\t\t\t<\/div>\n\t\t\t\n\t\t\t\n\t\t\t\t\t\t\n\t\t<\/div>\n\n\t<\/div>\n<\/div><\/div><\/div><\/div><div class=\"carousel-item has-width\"><div class=\"carousel-item-inner\"><div class=\"carousel-item-content\"><style>.ld_content_box_69ff7a22c5ec1 .lqd-fb-content-title{font-size:16px;font-weight:500 !important;}.ld_content_box_69ff7a22c5ec1 h2{color:rgb(0, 0, 0);}.ld_content_box_69ff7a22c5ec1 .lqd-fb-title i{color:rgb(0, 0, 0);}<\/style><div id=\"ld_content_box_69ff7a22c5ec1\" class=\"lqd-fb lqd-fb-style-4 lqd-fb-zoom-img-onhover pos-rel rounder ld_content_box_69ff7a22c5ec1\">\n\t<div class=\"lqd-fb-inner\">\n\n\t\t<div class=\"lqd-fb-img overflow-hidden\">\n\t\t\t<figure data-responsive-bg=\"true\"><img decoding=\"async\" width=\"1900\" height=\"1266\" src=\"data:image\/svg+xml;charset=utf-8,%3Csvg xmlns%3D&#039;http%3A%2F%2Fwww.w3.org%2F2000%2Fsvg&#039; viewBox%3D&#039;0 0  &#039;%2F%3E\" class=\"w-100 invisible ld-lazyload\" alt=\"\" itemprop=\"image\" data-src=\"https:\/\/palaciocasagalesa.com\/wp-content\/uploads\/2024\/01\/PCG_CAM2_034.jpg\" data-srcset=\"https:\/\/palaciocasagalesa.com\/wp-content\/uploads\/2024\/01\/PCG_CAM2_034.jpg 1900w, https:\/\/palaciocasagalesa.com\/wp-content\/uploads\/2024\/01\/PCG_CAM2_034-300x200.jpg 300w, https:\/\/palaciocasagalesa.com\/wp-content\/uploads\/2024\/01\/PCG_CAM2_034-1024x682.jpg 1024w\" data-sizes=\"(max-width: 1900px) 100vw, 1900px\" data-aspect=\"\" \/><\/figure>\t\t\t<a href=\"https:\/\/palaciocasagalesa.com\/de\/suiten\/brahms-suite\/\" title=\"Brahms Junior Suite\" class=\"liquid-overlay-link\"><\/a>\t\t<\/div>\n\n\t\t<div class=\"lqd-fb-content pos-rel\">\n\t\t\t<div class=\"lqd-fb-bg lqd-overlay\"><\/div>\n\t\t\t<div class=\"lqd-fb-hover-overlay lqd-overlay\"><\/div>\n\t\t\t<div class=\"lqd-fb-content-inner pos-rel text-center p-5\">\n\n\t\t\t\t\t\t\t\t<p class=\"lqd-fb-content-title my-0 mb-3 font-weight-normal\"><a href=\"https:\/\/palaciocasagalesa.com\/de\/suiten\/brahms-suite\/\" title=\"Brahms Junior Suite\">Junior-Suite<\/a><\/p>\n\t\t\t\t\t\t\t\t\n\t\t\t\t\n\t\t\t<\/div>\n\t\t\t\n\t\t\t\n\t\t\t\t\t\t\n\t\t<\/div>\n\n\t<\/div>\n<\/div><\/div><\/div><\/div><div class=\"carousel-item has-width\"><div class=\"carousel-item-inner\"><div class=\"carousel-item-content\"><style>.ld_content_box_69ff7a22c6849 .lqd-fb-content-title{font-size:16px;font-weight:500 !important;}.ld_content_box_69ff7a22c6849 h2{color:rgb(0, 0, 0);}.ld_content_box_69ff7a22c6849 .lqd-fb-title i{color:rgb(0, 0, 0);}<\/style><div id=\"ld_content_box_69ff7a22c6849\" class=\"lqd-fb lqd-fb-style-4 lqd-fb-zoom-img-onhover pos-rel rounder ld_content_box_69ff7a22c6849\">\n\t<div class=\"lqd-fb-inner\">\n\n\t\t<div class=\"lqd-fb-img overflow-hidden\">\n\t\t\t<figure data-responsive-bg=\"true\"><img decoding=\"async\" width=\"1900\" height=\"1266\" src=\"data:image\/svg+xml;charset=utf-8,%3Csvg xmlns%3D&#039;http%3A%2F%2Fwww.w3.org%2F2000%2Fsvg&#039; viewBox%3D&#039;0 0  &#039;%2F%3E\" class=\"w-100 invisible ld-lazyload\" alt=\"\" itemprop=\"image\" data-src=\"https:\/\/palaciocasagalesa.com\/wp-content\/uploads\/2024\/01\/PALACIO_CASA_GALESA_079.jpg\" data-srcset=\"https:\/\/palaciocasagalesa.com\/wp-content\/uploads\/2024\/01\/PALACIO_CASA_GALESA_079.jpg 1900w, https:\/\/palaciocasagalesa.com\/wp-content\/uploads\/2024\/01\/PALACIO_CASA_GALESA_079-300x200.jpg 300w, https:\/\/palaciocasagalesa.com\/wp-content\/uploads\/2024\/01\/PALACIO_CASA_GALESA_079-1024x682.jpg 1024w\" data-sizes=\"(max-width: 1900px) 100vw, 1900px\" data-aspect=\"\" \/><\/figure>\t\t\t<a href=\"https:\/\/palaciocasagalesa.com\/de\/suiten\/superior-suite\/\" title=\"Suite Superior\" class=\"liquid-overlay-link\"><\/a>\t\t<\/div>\n\n\t\t<div class=\"lqd-fb-content pos-rel\">\n\t\t\t<div class=\"lqd-fb-bg lqd-overlay\"><\/div>\n\t\t\t<div class=\"lqd-fb-hover-overlay lqd-overlay\"><\/div>\n\t\t\t<div class=\"lqd-fb-content-inner pos-rel text-center p-5\">\n\n\t\t\t\t\t\t\t\t<p class=\"lqd-fb-content-title my-0 mb-3 font-weight-normal\"><a href=\"https:\/\/palaciocasagalesa.com\/de\/suiten\/superior-suite\/\" title=\"Suite Superior\">Superior-Suite<\/a><\/p>\n\t\t\t\t\t\t\t\t\n\t\t\t\t\n\t\t\t<\/div>\n\t\t\t\n\t\t\t\n\t\t\t\t\t\t\n\t\t<\/div>\n\n\t<\/div>\n<\/div><\/div><\/div><\/div><div class=\"carousel-item has-width\"><div class=\"carousel-item-inner\"><div class=\"carousel-item-content\"><style>.ld_content_box_69ff7a22c70fb .lqd-fb-content-title{font-size:16px;font-weight:500 !important;}.ld_content_box_69ff7a22c70fb h2{color:rgb(0, 0, 0);}.ld_content_box_69ff7a22c70fb .lqd-fb-title i{color:rgb(0, 0, 0);}<\/style><div id=\"ld_content_box_69ff7a22c70fb\" class=\"lqd-fb lqd-fb-style-4 lqd-fb-zoom-img-onhover pos-rel rounder ld_content_box_69ff7a22c70fb\">\n\t<div class=\"lqd-fb-inner\">\n\n\t\t<div class=\"lqd-fb-img overflow-hidden\">\n\t\t\t<figure data-responsive-bg=\"true\"><img decoding=\"async\" width=\"1900\" height=\"1266\" src=\"data:image\/svg+xml;charset=utf-8,%3Csvg xmlns%3D&#039;http%3A%2F%2Fwww.w3.org%2F2000%2Fsvg&#039; viewBox%3D&#039;0 0  &#039;%2F%3E\" class=\"w-100 invisible ld-lazyload\" alt=\"\" itemprop=\"image\" data-src=\"https:\/\/palaciocasagalesa.com\/wp-content\/uploads\/2024\/01\/PALACIO_CASA_GALESA_145-1.jpg\" data-srcset=\"https:\/\/palaciocasagalesa.com\/wp-content\/uploads\/2024\/01\/PALACIO_CASA_GALESA_145-1.jpg 1900w, https:\/\/palaciocasagalesa.com\/wp-content\/uploads\/2024\/01\/PALACIO_CASA_GALESA_145-1-300x200.jpg 300w, https:\/\/palaciocasagalesa.com\/wp-content\/uploads\/2024\/01\/PALACIO_CASA_GALESA_145-1-1024x682.jpg 1024w\" data-sizes=\"(max-width: 1900px) 100vw, 1900px\" data-aspect=\"\" \/><\/figure>\t\t\t<a href=\"https:\/\/palaciocasagalesa.com\/de\/suiten\/luxury-suite\/\" title=\"Luxury Suite\" class=\"liquid-overlay-link\"><\/a>\t\t<\/div>\n\n\t\t<div class=\"lqd-fb-content pos-rel\">\n\t\t\t<div class=\"lqd-fb-bg lqd-overlay\"><\/div>\n\t\t\t<div class=\"lqd-fb-hover-overlay lqd-overlay\"><\/div>\n\t\t\t<div class=\"lqd-fb-content-inner pos-rel text-center p-5\">\n\n\t\t\t\t\t\t\t\t<p class=\"lqd-fb-content-title my-0 mb-3 font-weight-normal\"><a href=\"https:\/\/palaciocasagalesa.com\/de\/suiten\/luxury-suite\/\" title=\"Luxury Suite\">Luxury-Suite<\/a><\/p>\n\t\t\t\t\t\t\t\t\n\t\t\t\t\n\t\t\t<\/div>\n\t\t\t\n\t\t\t\n\t\t\t\t\t\t\n\t\t<\/div>\n\n\t<\/div>\n<\/div><\/div><\/div><\/div><div class=\"carousel-item has-width\"><div class=\"carousel-item-inner\"><div class=\"carousel-item-content\"><style>.ld_content_box_69ff7a22c796f .lqd-fb-content-title{font-size:16px;font-weight:500 !important;}.ld_content_box_69ff7a22c796f h2{color:rgb(0, 0, 0);}.ld_content_box_69ff7a22c796f .lqd-fb-title i{color:rgb(0, 0, 0);}<\/style><div id=\"ld_content_box_69ff7a22c796f\" class=\"lqd-fb lqd-fb-style-4 lqd-fb-zoom-img-onhover pos-rel rounder ld_content_box_69ff7a22c796f\">\n\t<div class=\"lqd-fb-inner\">\n\n\t\t<div class=\"lqd-fb-img overflow-hidden\">\n\t\t\t<figure data-responsive-bg=\"true\"><img decoding=\"async\" width=\"1900\" height=\"1266\" src=\"data:image\/svg+xml;charset=utf-8,%3Csvg xmlns%3D&#039;http%3A%2F%2Fwww.w3.org%2F2000%2Fsvg&#039; viewBox%3D&#039;0 0  &#039;%2F%3E\" class=\"w-100 invisible ld-lazyload\" alt=\"\" itemprop=\"image\" data-src=\"https:\/\/palaciocasagalesa.com\/wp-content\/uploads\/2024\/01\/PALACIO_CASA_GALESA_070.jpg\" data-srcset=\"https:\/\/palaciocasagalesa.com\/wp-content\/uploads\/2024\/01\/PALACIO_CASA_GALESA_070.jpg 1900w, https:\/\/palaciocasagalesa.com\/wp-content\/uploads\/2024\/01\/PALACIO_CASA_GALESA_070-300x200.jpg 300w, https:\/\/palaciocasagalesa.com\/wp-content\/uploads\/2024\/01\/PALACIO_CASA_GALESA_070-1024x682.jpg 1024w\" data-sizes=\"(max-width: 1900px) 100vw, 1900px\" data-aspect=\"\" \/><\/figure>\t\t\t<a href=\"https:\/\/palaciocasagalesa.com\/de\/suiten\/gershwin-suite-mit-terrasse\/\" title=\"Suite Gershwin con Terraza\" class=\"liquid-overlay-link\"><\/a>\t\t<\/div>\n\n\t\t<div class=\"lqd-fb-content pos-rel\">\n\t\t\t<div class=\"lqd-fb-bg lqd-overlay\"><\/div>\n\t\t\t<div class=\"lqd-fb-hover-overlay lqd-overlay\"><\/div>\n\t\t\t<div class=\"lqd-fb-content-inner pos-rel text-center p-5\">\n\n\t\t\t\t\t\t\t\t<p class=\"lqd-fb-content-title my-0 mb-3 font-weight-normal\"><a href=\"https:\/\/palaciocasagalesa.com\/de\/suiten\/gershwin-suite-mit-terrasse\/\" title=\"Suite Gershwin con Terraza\">Gershwin-Suite<\/a><\/p>\n\t\t\t\t\t\t\t\t\n\t\t\t\t\n\t\t\t<\/div>\n\t\t\t\n\t\t\t\n\t\t\t\t\t\t\n\t\t<\/div>\n\n\t<\/div>\n<\/div><\/div><\/div><\/div>\t<\/div>\n\n<\/div>[\/vc_column][\/vc_row]<\/p>\n","protected":false},"excerpt":{"rendered":"<p>[vc_row full_width=&#8220;stretch_row&#8220; content_placement=&#8220;bottom&#8220; enable_slideshow_bg=&#8220;yes&#8220; slideshow_images=&#8220;359,1953,1956&#8243; enable_overlay=&#8220;yes&#8220; css=&#8220;.vc_custom_1706540237460{padding-top: 80vh !important;background-position: center !important;background-repeat: no-repeat !important;background-size: cover !important;}&#8220; responsive_css=&#8220;margin_top_medium:-340px|padding_top_medium:90vh&#8220; slideshow_delay=&#8220;3600&#8243; overlay_bg=&#8220;linear-gradient(0deg, rgba(0, 0, 0, 0.43) 0%, rgba(0, 0, 0, 0) 96.81528662420382%)&#8220;][vc_column][vc_row_inner][vc_column_inner responsive_align=&#8220;text-center&#8220;][\/vc_column_inner][\/vc_row_inner][\/vc_column][\/vc_row][vc_row responsive_css=&#8220;padding_top_medium:10vh|padding_bottom_medium:10vh&#8220; css=&#8220;.vc_custom_1692874404572{background-position: center !important;background-repeat: no-repeat !important;background-size: cover !important;}&#8220; row_hide=&#8220;hidden-xs hidden-sm&#8220; el_id=&#8220;Consulta&#8220;][vc_column width=&#8220;1\/2&#8243;][\/vc_column][vc_column width=&#8220;1\/2&#8243; responsive_css=&#8220;padding_right_medium:20%25&#8243;][\/vc_column][\/vc_row][vc_row responsive_css=&#8220;padding_top_medium:10vh|padding_bottom_medium:10vh&#8220; css=&#8220;.vc_custom_1692874441300{padding-top: 50px !important;padding-bottom: 50px !important;background-position: center !important;background-repeat: no-repeat !important;background-size: cover !important;}&#8220; [&hellip;]<\/p>\n","protected":false},"author":3,"featured_media":0,"parent":1324,"menu_order":0,"comment_status":"closed","ping_status":"closed","template":"","meta":{"footnotes":""},"class_list":["post-1353","page","type-page","status-publish","hentry"],"_links":{"self":[{"href":"https:\/\/palaciocasagalesa.com\/de\/wp-json\/wp\/v2\/pages\/1353","targetHints":{"allow":["GET"]}}],"collection":[{"href":"https:\/\/palaciocasagalesa.com\/de\/wp-json\/wp\/v2\/pages"}],"about":[{"href":"https:\/\/palaciocasagalesa.com\/de\/wp-json\/wp\/v2\/types\/page"}],"author":[{"embeddable":true,"href":"https:\/\/palaciocasagalesa.com\/de\/wp-json\/wp\/v2\/users\/3"}],"replies":[{"embeddable":true,"href":"https:\/\/palaciocasagalesa.com\/de\/wp-json\/wp\/v2\/comments?post=1353"}],"version-history":[{"count":6,"href":"https:\/\/palaciocasagalesa.com\/de\/wp-json\/wp\/v2\/pages\/1353\/revisions"}],"predecessor-version":[{"id":1633,"href":"https:\/\/palaciocasagalesa.com\/de\/wp-json\/wp\/v2\/pages\/1353\/revisions\/1633"}],"up":[{"embeddable":true,"href":"https:\/\/palaciocasagalesa.com\/de\/wp-json\/wp\/v2\/pages\/1324"}],"wp:attachment":[{"href":"https:\/\/palaciocasagalesa.com\/de\/wp-json\/wp\/v2\/media?parent=1353"}],"curies":[{"name":"wp","href":"https:\/\/api.w.org\/{rel}","templated":true}]}}