{"id":1741,"date":"2023-10-02T14:09:37","date_gmt":"2023-10-02T14:09:37","guid":{"rendered":"http:\/\/palaciocasagalesa.com.mialias.net\/aviso-legal\/"},"modified":"2023-10-13T10:04:42","modified_gmt":"2023-10-13T10:04:42","slug":"aviso-legal","status":"publish","type":"page","link":"https:\/\/palaciocasagalesa.com\/de\/aviso-legal\/","title":{"rendered":"Legal"},"content":{"rendered":"<p>[vc_row full_width=&#8220;stretch_row&#8220; content_placement=&#8220;bottom&#8220; bg_position=&#8220;center center&#8220; enable_overlay=&#8220;yes&#8220; css=&#8220;.vc_custom_1696255367240{padding-top: 20vh !important;background-image: url(https:\/\/palaciocasagalesa.com\/wp-content\/uploads\/2023\/09\/2023-04-03_ZINK_PalacioSaGalesa_A7_05185.png?id=386) !important;background-position: center !important;background-repeat: no-repeat !important;background-size: cover !important;}&#8220; responsive_css=&#8220;margin_top_medium:-340px|padding_top_medium:60vh&#8220; overlay_bg=&#8220;linear-gradient(0deg, rgba(0, 0, 0, 0.43) 0%, rgba(0, 0, 0, 0) 96.81528662420382%)&#8220;][vc_column][vc_row_inner][vc_column_inner responsive_align=&#8220;text-center&#8220;]<style>.ld_fancy_heading_69ff7a23c00f9 h1{color:rgb(255, 255, 255);}@media (min-width: 992px) { .ld_fancy_heading_69ff7a23c00f9 h1 {font-size:100px; }  } .ld_fancy_heading_69ff7a23c00f9 h1 {line-height:90px; } .ld_fancy_heading_69ff7a23c00f9 h1 {--element-line-height:90px; } .ld_fancy_heading_69ff7a23c00f9 .lqd-highlight-inner{height:0.275em!important;bottom:0px!important;}@media (min-width: 992px) { .ld_fancy_heading_69ff7a23c00f9 h1 {font-size:100px; }  } .ld_fancy_heading_69ff7a23c00f9 h1 {line-height:90px; } .ld_fancy_heading_69ff7a23c00f9 h1 {--element-line-height:90px; } <\/style><div class=\"ld-fancy-heading text-uppercase ld_fancy_heading_69ff7a23c00f9\">\n\t<h1 class=\"ld-fh-element lqd-highlight-underline lqd-highlight-grow-left text-decoration-default\"   >  IMPRESSUM<\/h1><\/div>[\/vc_column_inner][\/vc_row_inner][\/vc_column][\/vc_row][vc_row responsive_css=&#8220;padding_top_medium:10vh|padding_bottom_medium:10vh&#8220; css=&#8220;.vc_custom_1692874404572{background-position: center !important;background-repeat: no-repeat !important;background-size: cover !important;}&#8220; row_hide=&#8220;hidden-xs hidden-sm&#8220; el_id=&#8220;Consulta&#8220;][vc_column]<style>.ld_fancy_heading_69ff7a23c04ec .lqd-highlight-inner{height:0.275em!important;bottom:0px!important;}<\/style><div class=\"ld-fancy-heading ld_fancy_heading_69ff7a23c04ec\">\n\t<p class=\"ld-fh-element lqd-highlight-underline lqd-highlight-grow-left text-decoration-default\"   >  Mit dem Zugriff auf diese Website und\/oder mit deren Nutzung werden Sie zum NUTZER und stimmen von dem Moment an v\u00f6llig und uneingeschr\u00e4nkt diesem rechtlichen Hinweis und den Datenschutzbedingungen in deren neuesten Fassung zu unbeschadet der Allgemeinen Bedingungen und der der jeweilgen Buchung entsprechenden Sonderbedingungen, welche gegebenenfalls verbindlich werden sollten. Wir empfehlen daher, dass Sie diese Dokumente lesen, bevor Sie von den auf dieser Website zur Verf\u00fcgung gestellten Mitteln Gebrauch machen und jedes Mal, wenn Sie die Website besuchen, da wir uns das Recht vorbehalten, jeglichen Teil dieser Bestimmungen jederzeit zu ersetzen, zu \u00e4ndern, zu erg\u00e4nzen oder zu l\u00f6schen.<\/p>\n<p>Der blo\u00dfe Zugriff auf die Website setzt auf keinen Fall das Bestehen einer Gesch\u00e4ftsbeziehung zwischen dem Nutzer und der Website voraus.<\/p><\/div>[vc_separator]<style>@media (min-width: 992px) { .ld_fancy_heading_69ff7a23c07c2 h2 {font-size:35px; }  } .ld_fancy_heading_69ff7a23c07c2 h2 {line-height:35px; } .ld_fancy_heading_69ff7a23c07c2 h2 {--element-line-height:35px; } .ld_fancy_heading_69ff7a23c07c2 h2 {letter-spacing:1px; } .ld_fancy_heading_69ff7a23c07c2 .lqd-highlight-inner{height:0.275em!important;bottom:0px!important;}@media (min-width: 992px) { .ld_fancy_heading_69ff7a23c07c2 h2 {font-size:35px; }  } .ld_fancy_heading_69ff7a23c07c2 h2 {line-height:35px; } .ld_fancy_heading_69ff7a23c07c2 h2 {--element-line-height:35px; } .ld_fancy_heading_69ff7a23c07c2 h2 {letter-spacing:1px; } <\/style><div class=\"ld-fancy-heading ld_fancy_heading_69ff7a23c07c2\">\n\t<h2 class=\"ld-fh-element lqd-highlight-underline lqd-highlight-grow-left text-decoration-default\"   >  I. INHABER DER WEBSITE<\/h2><\/div><style>.ld_fancy_heading_69ff7a23c0a2e .lqd-highlight-inner{height:0.275em!important;bottom:0px!important;}<\/style><div class=\"ld-fancy-heading ld_fancy_heading_69ff7a23c0a2e\">\n\t<p class=\"ld-fh-element lqd-highlight-underline lqd-highlight-grow-left text-decoration-default\"   >  Im Sinne des Artikels 10 des Gesetzes Ley 34\/ 2002 vom 11. Juli \u00fcber Dienstleistungen der Informationsgesellschaft und des elektronischen Handels werden Ihnen folgende Daten \u00fcber den Inhaber der Website zur Information unterbreitet:<\/p>\n<p>Inhaber der Website: CA NA GALESA MANAGEMENT S.L.U. (weiterhin PALACIO CA SA GALESA)<\/p>\n<p>Gesellschaftssitz: Calle San Miguel, 36, 4\u00baA, 07002 Palma de Mallorca<\/p>\n<p>C.I.F. B10560712<\/p>\n<p>Eintragung: Eingetragen im Handelsregister von Palma de Mallorca in Band 2951, Folio 40, Buch 0, Seite PM-93933.<\/p>\n<p>Neben dem Gesellschaftssitz stehen den Nutzern folgende Kan\u00e4le zur Mitteilung ihrer Bitten, Fragen oder Beschwerden zu:<\/p>\n<p>Kontaktformular auf der Website<\/p>\n<p>Tel. (+ 34) 971 71 54 00<\/p>\n<p>reservas@palaciocasagalesa.com<\/p><\/div><style>@media (min-width: 992px) { .ld_fancy_heading_69ff7a23c0d37 h2 {font-size:35px; }  } .ld_fancy_heading_69ff7a23c0d37 h2 {line-height:35px; } .ld_fancy_heading_69ff7a23c0d37 h2 {--element-line-height:35px; } .ld_fancy_heading_69ff7a23c0d37 h2 {letter-spacing:1px; } .ld_fancy_heading_69ff7a23c0d37 .lqd-highlight-inner{height:0.275em!important;bottom:0px!important;}@media (min-width: 992px) { .ld_fancy_heading_69ff7a23c0d37 h2 {font-size:35px; }  } .ld_fancy_heading_69ff7a23c0d37 h2 {line-height:35px; } .ld_fancy_heading_69ff7a23c0d37 h2 {--element-line-height:35px; } .ld_fancy_heading_69ff7a23c0d37 h2 {letter-spacing:1px; } <\/style><div class=\"ld-fancy-heading ld_fancy_heading_69ff7a23c0d37\">\n\t<h2 class=\"ld-fh-element lqd-highlight-underline lqd-highlight-grow-left text-decoration-default\"   >  II. NUTZUNGSBEDINGUNGEN<\/h2><\/div><style>.ld_fancy_heading_69ff7a23c0f8e .lqd-highlight-inner{height:0.275em!important;bottom:0px!important;}<\/style><div class=\"ld-fancy-heading ld_fancy_heading_69ff7a23c0f8e\">\n\t<p class=\"ld-fh-element lqd-highlight-underline lqd-highlight-grow-left text-decoration-default\"   >  1. Einleitung. Diese Website enth\u00e4lt Information \u00fcber das Hotel PALACIO CA SA GALESA und bietet den Nutzern die M\u00f6glichkeit, Anfragen einzusenden, sowie direkt \u00fcber eine Online-Reservierungsplattform Buchungen zu beantragen und durchzuf\u00fchren. Mit dem Zugriff auf diese Website und mit deren Nutzung unterwerfen Sie sich nachstehenden Bedingungen. Wir empfehlen Ihnen daher, diesen Abschnitt sorgf\u00e4ltig zu lesen, bevor Sie Ihren Besuch auf die Website anfangen.<\/p>\n<p>2. Pflichte der Nutzer. Die Nutzer verpflichten sich, diese Website rechtm\u00e4\u00dfig, in \u00dcbereinstimmung mit diesen Bestimmungen und ohne Verletzung der Rechte und Interessen von PALACIO CA SA GALESA oder deren Dritter zu nutzen. Beispielsweise werden unter vielen anderen folgende Pflichten des Nutzers genannt: keine gesetzwidrigen oder gegen die \u00f6ffentliche Ordnung oder das gute Glauben versto\u00dfenden Handlungen angehen; keinen Gebrauch von den auf der Website ver\u00f6ffentlichten Daten machen zum Versand von unerbetenen Nachrichten (Spam); keine falschen, betr\u00fcgerischen, uneindeutigen oder ungenauen Inhalte auf der Website eintragen oder verbreiten, die die Empf\u00e4nger solcher Informationen irrf\u00fchren, und keine rassistischen, fremdenfeindlichen, pornografischen, terrorismusverteidigenden oder Menschenrechte oder Rechte von Minderj\u00e4hrigen verletzenden Inhalte verbreiten; keine Handlungen angehen, die einen Versto\u00df gegen die Rechte an geistgem Eigentum von PALACIO CA SA GALESA oder diejenigen Dritter zur Folge haben oder mit sich bringen; keine Sch\u00e4den verursachen an Hardware oder Software von PALACIO CA SA GALESA, von deren Lieferanten oder von Dritten; keine Computerviren auf dem Netz verbreiten oder andere Hardware oder Software verwenden, die die vorgenannten Sch\u00e4den verursachen k\u00f6nnten; die auf dieser Website installierten Schutzeinrichtungen und Sicherheitssysteme nicht unterdr\u00fccken, ver\u00e4ndern, umgehen oder manipulieren.<\/p>\n<p>3. Haftungsausschluss. Diese Website wird \u201eso, wie sie ist\u201c zur Verf\u00fcgung gestellt und ihre Nutzung erfolgt auf eigenes Risiko des Nutzers. Daher tragen weder PALACIO CA SA GALESA noch ihre Verwalter, Mitarbeiter, Lieferanten und Partner eine Verantwortung f\u00fcr beliebige, direkte oder indirekte Sch\u00e4den aus der Nutzung der Website. Jede ausdr\u00fcckliche oder stillschweigende Gew\u00e4hrleistung seitens von PALACIO CA SA GALESA, sofern gesetzlich vorgesehen, bleibt ausdr\u00fccklich ausgeschlossen.<\/p>\n<p>PALACIO CA SA GALESA garantiert nicht die Verf\u00fcgbarkeit und Zug\u00e4nglichkeit der Website, obwohl sie sich m\u00f6glichst darum bem\u00fchen wird. Es k\u00f6nnte manchmal zu Unterbrechungen kommen w\u00e4hrend der Dauer der notwendigen Wartungsma\u00dfnahmen.<\/p>\n<p>PALACIO CA SA GALESA haftet nicht f\u00fcr eventuelle Sch\u00e4den durch von ihr nicht zu vertretende St\u00f6rungen, Unterbrechungen, Computerviren, Telefonst\u00f6rungen oder \u2013ausfall; f\u00fcr Verz\u00f6gerungen oder Abst\u00fcrzungen w\u00e4hrend der Nutzung dieses elektronischen Systems wegen St\u00f6rung oder \u00dcberlastung bei der zentralen Datenverarbeitung, den Telefonlinien, dem Internetsystem oder bei anderen elektrischen Systemen; f\u00fcr jedes andere sich ergebende Fehlverhalten des Software oder des Hardware der Nutzer. Sie garantiert ferner nicht das Nichtvorhandensein von Viren, Malware, Trojanern oder anderer Mittel, die Fehler im Computersystem oder in Dokumenten oder Dateien des Nutzers verursachen k\u00f6nnten, und \u00fcbernimmt keinerlei Haftung f\u00fcr daraus entstehende Sch\u00e4den jeder Art, die der Nutzer erleiden k\u00f6nnte.<\/p>\n<p>Ebenfalls hafetet PALACIO CA SA GALESA nicht f\u00fcr von Dritten verursachte Sch\u00e4den durch von ihr nicht zu vertretende unerlaubte Eingriffe. Ferner haftet sie weder f\u00fcr Sch\u00e4den durch die Nutzung oder den Missbrauch der Inhalte der Website, noch f\u00fcr Folgesch\u00e4den wegen Irrt\u00fcmer, Fehler oder Unvollst\u00e4ndigkeit der von den Nutzern oder anderen Dritten zur Verf\u00fcgung gestellten Inhalte, die auf dieser Website erscheinen sollten. PALACIO CA SA GALESA \u00fcbernimmt keine Verpflichtung oder Haftung f\u00fcr nicht direkt von ihr erbrachte Dienstleistungen.<\/p>\n<p>4. Externe Links. PALACIO CA SA GALESA haftet auf keinen Fall f\u00fcr die verlinkten Inhalte einer fremden Website und garantiert nicht die technische Verf\u00fcgbarkeit, die Qualit\u00e4t, die Verl\u00e4sslichkeit, die Genauigkeit, den Umfang, die Wahrhaftigkeit, G\u00fcltigkeit und Rechtm\u00e4\u00dfigkeit jeglicher Materialien oder Informationen, die diese verlinkten oder andere Websites enthalten sollten. Desgleichen stellt die Aufnahme dieser externen Verlinkungen keinerlei Verbindung, Zusammenschluss oder Mitwirkung in Bezug auf die verlinkten Unternehmen dar.<\/p>\n<p>5. Zugriffsverweigerung. PALACIO CA SA GALESA beh\u00e4lt sich das Recht vor, solchen Nutzern, die gegen diese Bestimmungen versto\u00dfen, den Zugriff auf die Website zu verweigern und auch bei unvorhergesehenen technischen oder Sicherheitsproblemen oder in Erf\u00fcllung einer Verf\u00fcgung und\/oder einer polizeilichen, gerichtlichen oder Verwaltungsverordnung den allgemeinen Zugriff auf die Website zu sperren. Solche Zugriffsverweigerung erfolgt nach alleinigem Ermessen von PALACIO CA SA GALESA und begr\u00fcndet keinen Schadenersatzanspruch.<\/p>\n<p>6. Geistiges Eigentum und Urheberrecht. Unbeschadet der Rechte an geistigem Eigentum Dritter in Bezug auf bestimmte Inhalte ist PALACIO CA SA GALESA Inhaber der Rechte an geistigem eigentum der Website, des Domainnamens, des Quellencodes, des Designs und der Navigationsstruktur sowie anderer Inhalte derselben (wie zum Beispiel Bilder, T\u00f6ne, Audio, Video, Software, oder Texte; Marken oder Logos, Farbgebung, Struktur und Design, usw.) und ist allein berechtigt zur Aus\u00fcbung der Rechte an die Verwendung derselben und insbesondere deren Spiegelung oder Vervielf\u00e4ltigung, Verbreitung, \u00f6ffentliche Kommunikation und Umgestaltung, in \u00dcbereinstimmung mit den geltenden Bestimmungen des Gesetzes Ley de Propiedad Intelectual. Ausdr\u00fccklich untersagt sind die Spiegelung oder Vervielf\u00e4ltigung, Verbreitung und \u00f6ffentliche Kommunikation, sogar als blo\u00dfe Zurverf\u00fcgungstellung, der gesamten Inhalte dieser Website oder Teile davon auf einem beliebigen Datentr\u00e4ger und \u00fcber jedwede technische Mittel ohne die Genehmigung von PALACIO CA SA GALESA oder gegebenenfalls der Dritten, die die mit den betroffenen Inhalten verbundenen Rechte an geistigem Eigentum oder Urheberrechte besitzen. Trotzdessen darf der Nutzer dieser Website in deren Inhalte Einsicht nehmen und sogar diese abdrucken, kopieren und auf die Festplatte seines Computers oder auf jeglichen anderen Datentr\u00e4ger speichern, sofern dies ausschlie\u00dflich zum Zwecke des pers\u00f6nlichen, privaten Gebrauchs erfolgt. K\u00f6rperschaften und Personen, die mit der Genehmigung des Inhabers dieser Website einen Link zu dieser Website einrichten m\u00f6chten, m\u00fcssen gew\u00e4hrleisten, dass dadurch lediglich der Zugriff auf diese Website oder Dienstleistung erm\u00f6glicht wird, ohne ihre Inhalte und Dienstleistungen zu spiegeln oder vervielf\u00e4ltigen.<\/p>\n<p>7. Ung\u00fcltigkeit der Klauseln: Im Falle, dass eine Klausel dieser Nutzungsbedingungen als ung\u00fcltig erkl\u00e4rt wird, so wird nur die entsprechende Bestimmung oder Teil davon betroffen und die restlichen Bedingungen bleiben dann rechtskr\u00e4ftig, wobei die davon betroffene Bestimmung oder Teil davon als ausgeschlossen gilt.<\/p>\n<p>8. Zustimmung: Mit dem Zugriff auf die Website und mit deren Nutzung stimmen Sie ausdr\u00fccklich und notwendigerweise diesen Nutzungsbedingungen als Ganzes und jeder einzelnen Bestimmung davon zu.<\/p>\n<p>9. Gerichtsstand und anwendbare Gesetzgebung: Diese Website unterliegt dem spanischen Recht unter Ausschluss der Bestimmungen des Kollisionsrechts. Unbeschadet der im Gesetz Real Decreto Legislativo 1\/2007, vom 16. November anerkannten Verbraucherrechte in Bezug auf Gerichtsstand unterliegt jede aus der Nutzung der Website oder aus den damit verbundenen Dienstleistungen stammende Streitigkeit dem dem Gesellschaftssitz von PALACIO CA SA GALESA entsprechenden Gerichtsstand. Die Nutzer verzichten ausdr\u00fccklich auf die ihnen gegebenenfalls zustehende Gerichtsbarkeit.<\/p><\/div>[\/vc_column][\/vc_row]<\/p>\n","protected":false},"excerpt":{"rendered":"<p>[vc_row full_width=&#8220;stretch_row&#8220; content_placement=&#8220;bottom&#8220; bg_position=&#8220;center center&#8220; enable_overlay=&#8220;yes&#8220; css=&#8220;.vc_custom_1696255367240{padding-top: 20vh !important;background-image: url(https:\/\/palaciocasagalesa.com\/wp-content\/uploads\/2023\/09\/2023-04-03_ZINK_PalacioSaGalesa_A7_05185.png?id=386) !important;background-position: center !important;background-repeat: no-repeat !important;background-size: cover !important;}&#8220; responsive_css=&#8220;margin_top_medium:-340px|padding_top_medium:60vh&#8220; overlay_bg=&#8220;linear-gradient(0deg, rgba(0, 0, 0, 0.43) 0%, rgba(0, 0, 0, 0) 96.81528662420382%)&#8220;][vc_column][vc_row_inner][vc_column_inner responsive_align=&#8220;text-center&#8220;][\/vc_column_inner][\/vc_row_inner][\/vc_column][\/vc_row][vc_row responsive_css=&#8220;padding_top_medium:10vh|padding_bottom_medium:10vh&#8220; css=&#8220;.vc_custom_1692874404572{background-position: center !important;background-repeat: no-repeat !important;background-size: cover !important;}&#8220; row_hide=&#8220;hidden-xs hidden-sm&#8220; el_id=&#8220;Consulta&#8220;][vc_column][vc_separator][\/vc_column][\/vc_row]<\/p>\n","protected":false},"author":3,"featured_media":0,"parent":0,"menu_order":0,"comment_status":"closed","ping_status":"closed","template":"","meta":{"footnotes":""},"class_list":["post-1741","page","type-page","status-publish","hentry"],"_links":{"self":[{"href":"https:\/\/palaciocasagalesa.com\/de\/wp-json\/wp\/v2\/pages\/1741","targetHints":{"allow":["GET"]}}],"collection":[{"href":"https:\/\/palaciocasagalesa.com\/de\/wp-json\/wp\/v2\/pages"}],"about":[{"href":"https:\/\/palaciocasagalesa.com\/de\/wp-json\/wp\/v2\/types\/page"}],"author":[{"embeddable":true,"href":"https:\/\/palaciocasagalesa.com\/de\/wp-json\/wp\/v2\/users\/3"}],"replies":[{"embeddable":true,"href":"https:\/\/palaciocasagalesa.com\/de\/wp-json\/wp\/v2\/comments?post=1741"}],"version-history":[{"count":3,"href":"https:\/\/palaciocasagalesa.com\/de\/wp-json\/wp\/v2\/pages\/1741\/revisions"}],"predecessor-version":[{"id":1746,"href":"https:\/\/palaciocasagalesa.com\/de\/wp-json\/wp\/v2\/pages\/1741\/revisions\/1746"}],"wp:attachment":[{"href":"https:\/\/palaciocasagalesa.com\/de\/wp-json\/wp\/v2\/media?parent=1741"}],"curies":[{"name":"wp","href":"https:\/\/api.w.org\/{rel}","templated":true}]}}