{"id":1761,"date":"2023-10-02T14:05:04","date_gmt":"2023-10-02T14:05:04","guid":{"rendered":"http:\/\/palaciocasagalesa.com.mialias.net\/politica-de-cookies\/"},"modified":"2023-10-13T10:30:45","modified_gmt":"2023-10-13T10:30:45","slug":"cookies-politik","status":"publish","type":"page","link":"https:\/\/palaciocasagalesa.com\/de\/cookies-politik\/","title":{"rendered":"Gebrauch von Cookies"},"content":{"rendered":"<p>[vc_row full_width=&#8220;stretch_row&#8220; content_placement=&#8220;bottom&#8220; bg_position=&#8220;center center&#8220; enable_overlay=&#8220;yes&#8220; css=&#8220;.vc_custom_1696255367240{padding-top: 20vh !important;background-image: url(https:\/\/palaciocasagalesa.com\/wp-content\/uploads\/2023\/09\/2023-04-03_ZINK_PalacioSaGalesa_A7_05185.png?id=386) !important;background-position: center !important;background-repeat: no-repeat !important;background-size: cover !important;}&#8220; responsive_css=&#8220;margin_top_medium:-340px|padding_top_medium:60vh&#8220; overlay_bg=&#8220;linear-gradient(0deg, rgba(0, 0, 0, 0.43) 0%, rgba(0, 0, 0, 0) 96.81528662420382%)&#8220;][vc_column][vc_row_inner][vc_column_inner responsive_align=&#8220;text-center&#8220;]<style>.ld_fancy_heading_69ff7a612259b h1{color:rgb(255, 255, 255);}@media (min-width: 992px) { .ld_fancy_heading_69ff7a612259b h1 {font-size:100px; }  } .ld_fancy_heading_69ff7a612259b h1 {line-height:90px; } .ld_fancy_heading_69ff7a612259b h1 {--element-line-height:90px; } .ld_fancy_heading_69ff7a612259b .lqd-highlight-inner{height:0.275em!important;bottom:0px!important;}@media (min-width: 992px) { .ld_fancy_heading_69ff7a612259b h1 {font-size:100px; }  } .ld_fancy_heading_69ff7a612259b h1 {line-height:90px; } .ld_fancy_heading_69ff7a612259b h1 {--element-line-height:90px; } <\/style><div class=\"ld-fancy-heading text-uppercase ld_fancy_heading_69ff7a612259b\">\n\t<h1 class=\"ld-fh-element lqd-highlight-underline lqd-highlight-grow-left text-decoration-default\"   >  Gebrauch von Cookies<\/h1><\/div>[\/vc_column_inner][\/vc_row_inner][\/vc_column][\/vc_row][vc_row responsive_css=&#8220;padding_top_medium:10vh|padding_bottom_medium:10vh&#8220; css=&#8220;.vc_custom_1692874404572{background-position: center !important;background-repeat: no-repeat !important;background-size: cover !important;}&#8220; row_hide=&#8220;hidden-xs hidden-sm&#8220; el_id=&#8220;Consulta&#8220;][vc_column]<style>.ld_fancy_heading_69ff7a6122982 .lqd-highlight-inner{height:0.275em!important;bottom:0px!important;}<\/style><div class=\"ld-fancy-heading ld_fancy_heading_69ff7a6122982\">\n\t<p class=\"ld-fh-element lqd-highlight-underline lqd-highlight-grow-left text-decoration-default\"   >  Wir informieren Sie dar\u00fcber, dass diese Internetseite eigene Cookies sowie Cookies von Dritten installiert. Wenn Sie das Surfen auf dieser Seite fortsetzen, gehen wir davon aus, dass Sie mit der Verwendung von Cookies einverstanden sind. Cookies sind nicht ausf\u00fchrende Textdateien, deren Aufgabe es ist, jegliche Art von Information \u00fcber den Nutzer zu speichern. Sie werden dazu verwendet, das Surfen zu erleichtern und dienen statistischen Zwecken.<\/p><\/div>[vc_separator]<style>@media (min-width: 992px) { .ld_fancy_heading_69ff7a6122be2 h2 {font-size:35px; }  } .ld_fancy_heading_69ff7a6122be2 h2 {line-height:35px; } .ld_fancy_heading_69ff7a6122be2 h2 {--element-line-height:35px; } .ld_fancy_heading_69ff7a6122be2 h2 {letter-spacing:1px; } .ld_fancy_heading_69ff7a6122be2 .lqd-highlight-inner{height:0.275em!important;bottom:0px!important;}@media (min-width: 992px) { .ld_fancy_heading_69ff7a6122be2 h2 {font-size:35px; }  } .ld_fancy_heading_69ff7a6122be2 h2 {line-height:35px; } .ld_fancy_heading_69ff7a6122be2 h2 {--element-line-height:35px; } .ld_fancy_heading_69ff7a6122be2 h2 {letter-spacing:1px; } <\/style><div class=\"ld-fancy-heading ld_fancy_heading_69ff7a6122be2\">\n\t<h2 class=\"ld-fh-element lqd-highlight-underline lqd-highlight-grow-left text-decoration-default\"   >  Welche Art von Cookies verwendet diese Internetseite?<\/h2><\/div><style>.ld_fancy_heading_69ff7a6122e30 .lqd-highlight-inner{height:0.275em!important;bottom:0px!important;}<\/style><div class=\"ld-fancy-heading ld_fancy_heading_69ff7a6122e30\">\n\t<p class=\"ld-fh-element lqd-highlight-underline lqd-highlight-grow-left text-decoration-default\"   >  Technische Cookies: Diese Art von Cookie erleichtert dem Nutzer das Surfen auf einer Internetseite, Plattform oder Applikation sowie die Verwendung der verschiedenen Optionen und Leistungen, die zur Auswahl stehen, wie zum Beispiel eine Kaufabwicklung, das Anmelden oder Einschreiben zu einer Veranstaltung, etc.<\/p>\n<p>Cookies zur Personalisierung: Diese Art von Cookie erleichtert dem Nutzer das Surfen auf einer Internetseite damit, dass bestimmte Angaben in Abh\u00e4ngigkeit des Rechners gespeichert und wieder aufgerufen werden, wie zum Beispiel die Spracheinstellung, den verwendeten Browser, etc.<\/p>\n<p>Cookies zu analytischen Zwecken: Diese Art von Cookie dient der \u00dcberwachung und der Untersuchung des Surfverhaltens der Nutzer einer Internetseite. Die Informationen, die dank dieses Cookies gespeichert werden, dienen dazu die Aktivit\u00e4t auf einer Internetseite, Applikation oder Plattform zu messen und um Benutzerprofile zu erstellen, die wiederum der stetigen Verbesserung der Internetseite dienen.<\/p><\/div>[vc_separator]<style>@media (min-width: 992px) { .ld_fancy_heading_69ff7a61230e3 h2 {font-size:35px; }  } .ld_fancy_heading_69ff7a61230e3 h2 {line-height:35px; } .ld_fancy_heading_69ff7a61230e3 h2 {--element-line-height:35px; } .ld_fancy_heading_69ff7a61230e3 h2 {letter-spacing:1px; } .ld_fancy_heading_69ff7a61230e3 .lqd-highlight-inner{height:0.275em!important;bottom:0px!important;}@media (min-width: 992px) { .ld_fancy_heading_69ff7a61230e3 h2 {font-size:35px; }  } .ld_fancy_heading_69ff7a61230e3 h2 {line-height:35px; } .ld_fancy_heading_69ff7a61230e3 h2 {--element-line-height:35px; } .ld_fancy_heading_69ff7a61230e3 h2 {letter-spacing:1px; } <\/style><div class=\"ld-fancy-heading ld_fancy_heading_69ff7a61230e3\">\n\t<h2 class=\"ld-fh-element lqd-highlight-underline lqd-highlight-grow-left text-decoration-default\"   >  Wer verwendet und hat Zugriff auf die Information der installierten Cookies?<\/h2><\/div><style>.ld_fancy_heading_69ff7a61233d3 .lqd-highlight-inner{height:0.275em!important;bottom:0px!important;}<\/style><div class=\"ld-fancy-heading ld_fancy_heading_69ff7a61233d3\">\n\t<p class=\"ld-fh-element lqd-highlight-underline lqd-highlight-grow-left text-decoration-default\"   >  Nur der Eigent\u00fcmer der Internetseite und MIRAI ESPA\u00d1A, S.L., die Firma, die sich um die Instandhaltung und die Auswertung der Internetseite k\u00fcmmert, verwenden und haben Zugriff auf die Cookies der Internetseite. Dritte haben Zugriff auf die von ihnen installierten Cookies.<\/p><\/div>[vc_separator]<style>@media (min-width: 992px) { .ld_fancy_heading_69ff7a61236dd h2 {font-size:35px; }  } .ld_fancy_heading_69ff7a61236dd h2 {line-height:35px; } .ld_fancy_heading_69ff7a61236dd h2 {--element-line-height:35px; } .ld_fancy_heading_69ff7a61236dd h2 {letter-spacing:1px; } .ld_fancy_heading_69ff7a61236dd .lqd-highlight-inner{height:0.275em!important;bottom:0px!important;}@media (min-width: 992px) { .ld_fancy_heading_69ff7a61236dd h2 {font-size:35px; }  } .ld_fancy_heading_69ff7a61236dd h2 {line-height:35px; } .ld_fancy_heading_69ff7a61236dd h2 {--element-line-height:35px; } .ld_fancy_heading_69ff7a61236dd h2 {letter-spacing:1px; } <\/style><div class=\"ld-fancy-heading ld_fancy_heading_69ff7a61236dd\">\n\t<h2 class=\"ld-fh-element lqd-highlight-underline lqd-highlight-grow-left text-decoration-default\"   >  Wie verwalte ich Cookies?<\/h2><\/div><style>.ld_fancy_heading_69ff7a6123a0d .lqd-highlight-inner{height:0.275em!important;bottom:0px!important;}<\/style><div class=\"ld-fancy-heading ld_fancy_heading_69ff7a6123a0d\">\n\t<p class=\"ld-fh-element lqd-highlight-underline lqd-highlight-grow-left text-decoration-default\"   >  Die Mehrheit der Browser akzeptiert den Gebrauch von Cookies automatisch, allerdings k\u00f6nnen Sie Ihren Browser so konfiguireren, dass er keine Cookies akzeptiert oder dass er Sie darauf hinweist, wenn er einen Cookie speichern will. Je nach Browser finden Sie hier weitere Informationen:<\/p>\n<ul>\n<li><a href=\"https:\/\/windows.microsoft.com\/es-es\/internet-explorer\/delete-manage-cookies\">Internet Explorer<\/a><\/li>\n<li><a href=\"https:\/\/support.google.com\/chrome\/answer\/95647?hl=es\">Chrome<\/a><\/li>\n<li><a href=\"https:\/\/support.mozilla.org\/es\/kb\/habilitar-y-deshabilitar-cookies-que-los-sitios-we\">Firefox<\/a><\/li>\n<li><a href=\"https:\/\/support.apple.com\/kb\/HT1677?viewlocale=es_ES\">Safari<\/a><\/li>\n<li><a href=\"https:\/\/support.apple.com\/kb\/HT1677?viewlocale=es_ES\">iOS (Safari)<\/a><\/li>\n<li><a href=\"https:\/\/www.usa.gov\/optout-instructions.shtml#android\">Android<\/a><\/li>\n<li><a href=\"https:\/\/docs.blackberry.com\/en\/smartphone_users\/deliverables\/18578\/Turn_off_cookies_in_the_browser_60_1072866_11.jsp\">BlackBerry<\/a><\/li>\n<\/ul>\n<p><\/p><\/div>[\/vc_column][\/vc_row]<\/p>\n","protected":false},"excerpt":{"rendered":"<p>[vc_row full_width=&#8220;stretch_row&#8220; content_placement=&#8220;bottom&#8220; bg_position=&#8220;center center&#8220; enable_overlay=&#8220;yes&#8220; css=&#8220;.vc_custom_1696255367240{padding-top: 20vh !important;background-image: url(https:\/\/palaciocasagalesa.com\/wp-content\/uploads\/2023\/09\/2023-04-03_ZINK_PalacioSaGalesa_A7_05185.png?id=386) !important;background-position: center !important;background-repeat: no-repeat !important;background-size: cover !important;}&#8220; responsive_css=&#8220;margin_top_medium:-340px|padding_top_medium:60vh&#8220; overlay_bg=&#8220;linear-gradient(0deg, rgba(0, 0, 0, 0.43) 0%, rgba(0, 0, 0, 0) 96.81528662420382%)&#8220;][vc_column][vc_row_inner][vc_column_inner responsive_align=&#8220;text-center&#8220;][\/vc_column_inner][\/vc_row_inner][\/vc_column][\/vc_row][vc_row responsive_css=&#8220;padding_top_medium:10vh|padding_bottom_medium:10vh&#8220; css=&#8220;.vc_custom_1692874404572{background-position: center !important;background-repeat: no-repeat !important;background-size: cover !important;}&#8220; row_hide=&#8220;hidden-xs hidden-sm&#8220; el_id=&#8220;Consulta&#8220;][vc_column][vc_separator][vc_separator][vc_separator][\/vc_column][\/vc_row]<\/p>\n","protected":false},"author":3,"featured_media":0,"parent":0,"menu_order":0,"comment_status":"closed","ping_status":"closed","template":"","meta":{"footnotes":""},"class_list":["post-1761","page","type-page","status-publish","hentry"],"_links":{"self":[{"href":"https:\/\/palaciocasagalesa.com\/de\/wp-json\/wp\/v2\/pages\/1761","targetHints":{"allow":["GET"]}}],"collection":[{"href":"https:\/\/palaciocasagalesa.com\/de\/wp-json\/wp\/v2\/pages"}],"about":[{"href":"https:\/\/palaciocasagalesa.com\/de\/wp-json\/wp\/v2\/types\/page"}],"author":[{"embeddable":true,"href":"https:\/\/palaciocasagalesa.com\/de\/wp-json\/wp\/v2\/users\/3"}],"replies":[{"embeddable":true,"href":"https:\/\/palaciocasagalesa.com\/de\/wp-json\/wp\/v2\/comments?post=1761"}],"version-history":[{"count":2,"href":"https:\/\/palaciocasagalesa.com\/de\/wp-json\/wp\/v2\/pages\/1761\/revisions"}],"predecessor-version":[{"id":1763,"href":"https:\/\/palaciocasagalesa.com\/de\/wp-json\/wp\/v2\/pages\/1761\/revisions\/1763"}],"wp:attachment":[{"href":"https:\/\/palaciocasagalesa.com\/de\/wp-json\/wp\/v2\/media?parent=1761"}],"curies":[{"name":"wp","href":"https:\/\/api.w.org\/{rel}","templated":true}]}}